{"id":9261,"date":"2025-10-29T12:09:54","date_gmt":"2025-10-29T15:09:54","guid":{"rendered":"https:\/\/caram.com.ar\/v8\/?post_type=product&#038;p=9261"},"modified":"2026-04-17T16:47:51","modified_gmt":"2026-04-17T19:47:51","slug":"4578","status":"publish","type":"product","link":"https:\/\/caram.com.ar\/v8\/producto\/4578\/","title":{"rendered":"HELADERA KRAMM 80L 12-24V (83&#215;45,6&#215;50)"},"content":{"rendered":"<p class=\"ql-align-center\"><strong class=\"ql-size-large\">KRAMM 80<\/strong><strong class=\"ql-size-large\">L<\/strong><\/p>\n<p class=\"ql-align-center\"><strong class=\"ql-size-large\">Heladeras para veh\u00edculos comerciales, veh\u00edculos recreativos y embarcaciones.<\/strong><\/p>\n<p class=\"ql-align-center\">Caracter\u00edsticas<\/p>\n<ul>\n<li>Compresor de 12 V de alto rendimiento<\/li>\n<li>Dos puertas, con regulaci\u00f3n de temperatura independiente y funci\u00f3n freezer o heladera en ambos.<\/li>\n<li>Clasificaci\u00f3n tropical para temperaturas ambientales altas<\/li>\n<li>Puerta reversible que se puede abrir desde la izquierda o a la derecha.<\/li>\n<li>Sistema de protecci\u00f3n de bater\u00eda de tres etapas para evitar que el veh\u00edculo se quede sin baterias.<\/li>\n<li>Luz LED brillante.Estantes regulables.<\/li>\n<li>Modelo: 80L<\/li>\n<li>Marca: Kramm<\/li>\n<li>Capacidad total: 80L<\/li>\n<li>Capacidad inferior: 50,2L<\/li>\n<li>Capacidad Superior: 27,8L<\/li>\n<li>Voltaje: 12\/24 V CC<\/li>\n<li>Consumo promedio: ~ 2 amperios\/hora durante 24 horas<\/li>\n<li>Rango de temperatura combinada: 20\u00b0 a -20\u00b0<\/li>\n<li>Emisi\u00f3n de ruido: Menos de 45 dB<\/li>\n<li>Dimensiones generales (mm): 456 (ancho) x 830 (alto) x 500 (profundidad)<\/li>\n<li>Peso neto: 24,5 kg<\/li>\n<li>Peso del env\u00edo: 27 kg<\/li>\n<\/ul>\n","protected":false},"excerpt":{"rendered":"<p>KRAMM 80L Heladeras para veh\u00edculos comerciales, veh\u00edculos recreativos y embarcaciones. Caracter\u00edsticas Compresor de 12 V de alto rendimiento Dos puertas, con regulaci\u00f3n de temperatura independiente y funci\u00f3n freezer o heladera en ambos. Clasificaci\u00f3n tropical para temperaturas ambientales altas Puerta reversible que se puede abrir desde la izquierda o a la derecha. Sistema de protecci\u00f3n de [&hellip;]<\/p>\n","protected":false},"featured_media":9265,"template":"","meta":[],"product_brand":[],"product_cat":[1115],"product_tag":[],"class_list":{"0":"post-9261","1":"product","2":"type-product","3":"status-publish","4":"has-post-thumbnail","6":"product_cat-12-24-volts","8":"first","9":"instock","10":"featured","11":"taxable","12":"shipping-taxable","13":"purchasable","14":"product-type-simple"},"_links":{"self":[{"href":"https:\/\/caram.com.ar\/v8\/wp-json\/wp\/v2\/product\/9261","targetHints":{"allow":["GET"]}}],"collection":[{"href":"https:\/\/caram.com.ar\/v8\/wp-json\/wp\/v2\/product"}],"about":[{"href":"https:\/\/caram.com.ar\/v8\/wp-json\/wp\/v2\/types\/product"}],"wp:featuredmedia":[{"embeddable":true,"href":"https:\/\/caram.com.ar\/v8\/wp-json\/wp\/v2\/media\/9265"}],"wp:attachment":[{"href":"https:\/\/caram.com.ar\/v8\/wp-json\/wp\/v2\/media?parent=9261"}],"wp:term":[{"taxonomy":"product_brand","embeddable":true,"href":"https:\/\/caram.com.ar\/v8\/wp-json\/wp\/v2\/product_brand?post=9261"},{"taxonomy":"product_cat","embeddable":true,"href":"https:\/\/caram.com.ar\/v8\/wp-json\/wp\/v2\/product_cat?post=9261"},{"taxonomy":"product_tag","embeddable":true,"href":"https:\/\/caram.com.ar\/v8\/wp-json\/wp\/v2\/product_tag?post=9261"}],"curies":[{"name":"wp","href":"https:\/\/api.w.org\/{rel}","templated":true}]}}