{"id":9140,"date":"2025-09-11T11:01:40","date_gmt":"2025-09-11T14:01:40","guid":{"rendered":"https:\/\/caram.com.ar\/v8\/?post_type=product&#038;p=9140"},"modified":"2026-04-17T16:47:28","modified_gmt":"2026-04-17T19:47:28","slug":"9705","status":"publish","type":"product","link":"https:\/\/caram.com.ar\/v8\/producto\/9705\/","title":{"rendered":"GENERADOR\/CARGADOR 12VCC JAYCOLD"},"content":{"rendered":"<p>APLICACIONES:<\/p>\n<p>Se puede utilizar en camiones, para extender el uso del Aire acondicionado el\u00e9ctrico 12V con el motor parado, en motorhomes como FUENTE de alimentaci\u00f3n 12V o como CARGADOR de bater\u00edas de sistemas de paneles solares.<\/p>\n<ul>\n<li>Funci\u00f3n GENERADOR 12V 1300W.<\/li>\n<li>Funci\u00f3n CARGADOR de baterias\u00a0 12V 85A<\/li>\n<li>Encendido MANUAL o AUTOM\u00c1TICO<\/li>\n<li>Con control remoto para encendido a distancia<\/li>\n<\/ul>\n<p>CARACTERISTICAS GENERADOR:<\/p>\n<ul>\n<li>TIPO Generador corriente continua.<\/li>\n<li>Voltaje nominal 12V<\/li>\n<li>Potencia nominal de salida 1300W<\/li>\n<li>Potencia m\u00e1xima de salida 1500W<\/li>\n<li>Corriente nominal 85A<\/li>\n<li>consumo 0,35 litros\/hora<\/li>\n<li>Factor de potencia : 1<\/li>\n<li>Valor medido de ruido: 68 dB (A)<\/li>\n<\/ul>\n<p>MOTOR<\/p>\n<ul>\n<li>TIPO: Monocilindrico, de 4 tiempos, refrigerado por aire forzado, con valvulas en culata.<\/li>\n<li>Cilindrada 100cc<\/li>\n<li>Tipo de combustible Nafta<\/li>\n<li>Capacidad de tanque de combustible: 7 litros<\/li>\n<li>Capacidad de aceite de motor: 0,4 litros<\/li>\n<li>Modelo de buj\u00eda A5RTC (TORCH)<\/li>\n<li>M\u00e9todo de arranque: El\u00e9ctrico, tiron manual (arranque manual)<\/li>\n<li>dimensiones: 50 x 29,5 x 46 (largoxanchoxalto)<\/li>\n<li>Peso 25,7 kg.<\/li>\n<\/ul>\n<p><a href=\"https:\/\/drive.google.com\/file\/d\/1kfRyVLRwfVy9qrEUHDfYLP-N7Bhq8S53\/view?usp=sharing\">DESCARGAR MANUAL<\/a><\/p>\n","protected":false},"excerpt":{"rendered":"<p>APLICACIONES: Se puede utilizar en camiones, para extender el uso del Aire acondicionado el\u00e9ctrico 12V con el motor parado, en motorhomes como FUENTE de alimentaci\u00f3n 12V o como CARGADOR de bater\u00edas de sistemas de paneles solares. Funci\u00f3n GENERADOR 12V 1300W. Funci\u00f3n CARGADOR de baterias\u00a0 12V 85A Encendido MANUAL o AUTOM\u00c1TICO Con control remoto para encendido [&hellip;]<\/p>\n","protected":false},"featured_media":20002,"template":"","meta":[],"product_brand":[],"product_cat":[1179,1154,1155],"product_tag":[],"class_list":{"0":"post-9140","1":"product","2":"type-product","3":"status-publish","4":"has-post-thumbnail","6":"product_cat-energia-solar","7":"product_cat-cargadores-arrancadores","8":"product_cat-inversores","10":"first","11":"instock","12":"taxable","13":"shipping-taxable","14":"purchasable","15":"product-type-simple"},"_links":{"self":[{"href":"https:\/\/caram.com.ar\/v8\/wp-json\/wp\/v2\/product\/9140","targetHints":{"allow":["GET"]}}],"collection":[{"href":"https:\/\/caram.com.ar\/v8\/wp-json\/wp\/v2\/product"}],"about":[{"href":"https:\/\/caram.com.ar\/v8\/wp-json\/wp\/v2\/types\/product"}],"wp:featuredmedia":[{"embeddable":true,"href":"https:\/\/caram.com.ar\/v8\/wp-json\/wp\/v2\/media\/20002"}],"wp:attachment":[{"href":"https:\/\/caram.com.ar\/v8\/wp-json\/wp\/v2\/media?parent=9140"}],"wp:term":[{"taxonomy":"product_brand","embeddable":true,"href":"https:\/\/caram.com.ar\/v8\/wp-json\/wp\/v2\/product_brand?post=9140"},{"taxonomy":"product_cat","embeddable":true,"href":"https:\/\/caram.com.ar\/v8\/wp-json\/wp\/v2\/product_cat?post=9140"},{"taxonomy":"product_tag","embeddable":true,"href":"https:\/\/caram.com.ar\/v8\/wp-json\/wp\/v2\/product_tag?post=9140"}],"curies":[{"name":"wp","href":"https:\/\/api.w.org\/{rel}","templated":true}]}}