{"id":8272,"date":"2024-09-17T14:07:19","date_gmt":"2024-09-17T17:07:19","guid":{"rendered":"https:\/\/caram.com.ar\/v8\/?post_type=product&#038;p=8272"},"modified":"2026-04-17T16:47:48","modified_gmt":"2026-04-17T19:47:48","slug":"5075","status":"publish","type":"product","link":"https:\/\/caram.com.ar\/v8\/producto\/5075\/","title":{"rendered":"Llave exclusa Lasalle Bristol 3&#8242; electrica 12V"},"content":{"rendered":"<p><strong>CARACTER\u00cdSTICAS GENERALES<\/strong><\/p>\n<p><strong><a href=\"https:\/\/caram.com.ar\/v8\/wp-content\/uploads\/2024\/09\/5075.mov\">VER VIDEO VALVULA EXCLUSA LASALLE BRISTOL 3&#8243; ELECTRICA 12V<\/a><\/strong><\/p>\n<p>Marca: Lasalle Bristol<\/p>\n<p>Origen: EEUU<\/p>\n<p>Tensi\u00f3n: MOTOR 12V.<\/p>\n<p>Dimensi\u00f3n descarga: 3 pulgadas, se adapta a las v\u00e1lvulas marca BRISTOL y VALTERRA de 3\u201d existentes.<\/p>\n<p>Juntas de teflon para facilitar el funcionamiento y fiabilidad.<\/p>\n<p>Motor lineal sellado resistente a la intemperie.<\/p>\n<p>Luz testigo roja indica cuando la v\u00e1lvula esta abierta.<\/p>\n<p>De ABS resistente. 100% probado en f\u00e1brica.<\/p>\n","protected":false},"excerpt":{"rendered":"<p>CARACTER\u00cdSTICAS GENERALES VER VIDEO VALVULA EXCLUSA LASALLE BRISTOL 3&#8243; ELECTRICA 12V Marca: Lasalle Bristol Origen: EEUU Tensi\u00f3n: MOTOR 12V. Dimensi\u00f3n descarga: 3 pulgadas, se adapta a las v\u00e1lvulas marca BRISTOL y VALTERRA de 3\u201d existentes. Juntas de teflon para facilitar el funcionamiento y fiabilidad. Motor lineal sellado resistente a la intemperie. Luz testigo roja indica [&hellip;]<\/p>\n","protected":false},"featured_media":9169,"template":"","meta":[],"product_brand":[],"product_cat":[1186],"product_tag":[],"class_list":{"0":"post-8272","1":"product","2":"type-product","3":"status-publish","4":"has-post-thumbnail","6":"product_cat-llaves-esclusas-valvulas-tipo-cuchilla","8":"first","9":"instock","10":"taxable","11":"shipping-taxable","12":"purchasable","13":"product-type-simple"},"_links":{"self":[{"href":"https:\/\/caram.com.ar\/v8\/wp-json\/wp\/v2\/product\/8272","targetHints":{"allow":["GET"]}}],"collection":[{"href":"https:\/\/caram.com.ar\/v8\/wp-json\/wp\/v2\/product"}],"about":[{"href":"https:\/\/caram.com.ar\/v8\/wp-json\/wp\/v2\/types\/product"}],"wp:featuredmedia":[{"embeddable":true,"href":"https:\/\/caram.com.ar\/v8\/wp-json\/wp\/v2\/media\/9169"}],"wp:attachment":[{"href":"https:\/\/caram.com.ar\/v8\/wp-json\/wp\/v2\/media?parent=8272"}],"wp:term":[{"taxonomy":"product_brand","embeddable":true,"href":"https:\/\/caram.com.ar\/v8\/wp-json\/wp\/v2\/product_brand?post=8272"},{"taxonomy":"product_cat","embeddable":true,"href":"https:\/\/caram.com.ar\/v8\/wp-json\/wp\/v2\/product_cat?post=8272"},{"taxonomy":"product_tag","embeddable":true,"href":"https:\/\/caram.com.ar\/v8\/wp-json\/wp\/v2\/product_tag?post=8272"}],"curies":[{"name":"wp","href":"https:\/\/api.w.org\/{rel}","templated":true}]}}