{"id":8161,"date":"2024-08-20T13:12:37","date_gmt":"2024-08-20T13:12:37","guid":{"rendered":"https:\/\/caram.com.ar\/v8\/?post_type=product&#038;p=8161"},"modified":"2026-04-17T16:47:33","modified_gmt":"2026-04-17T19:47:33","slug":"8019","status":"publish","type":"product","link":"https:\/\/caram.com.ar\/v8\/producto\/8019\/","title":{"rendered":"Cerradura para puerta ba\u00f1o embutida"},"content":{"rendered":"<p><span style=\"color: #236fa1;\"><strong>Especificaciones de productos\u00a0<\/strong><\/span><\/p>\n<p>Material: ABS y aleaci\u00f3n de aluminio<\/p>\n<p>Recorte: 43 mm<\/p>\n<p>Color:\u00a0Plata<\/p>\n<p>Espesor del panel: 10-20 mm<\/p>\n<p>Aplicaci\u00f3n: RV \/ Caravana \/ Autocaravana \/ Ba\u00f1o de autocaravana \/ Inodoro \/ Barthroom<\/p>\n<p><span style=\"color: #236fa1;\"><strong>Principales Caracter\u00edsticas<\/strong><\/span><\/p>\n<p>1. Manijas de puerta de privacidad para ba\u00f1o: Este juego de cerraduras de puerta se utiliza para todas las puertas donde se necesita seguridad, especialmente camas y ba\u00f1os que requieren espacio privado.<\/p>\n<p>2. Adecuado para todo tipo de puertas dentro de 10-20 mm de espesor<\/p>\n<p>3. La cerradura en s\u00ed con ambas funciones de bloqueo y tambi\u00e9n funci\u00f3n de manija<\/p>\n<p>4. F\u00e1cil instalaci\u00f3n<\/p>\n<p>5. Adecuado para yates, cajones de veh\u00edculos recreativos, escritorios de embarcaciones, gabinetes, puertas de gabinetes, gabinetes de pared, ba\u00f1os<\/p>\n","protected":false},"excerpt":{"rendered":"<p>Especificaciones de productos\u00a0 Material: ABS y aleaci\u00f3n de aluminio Recorte: 43 mm Color:\u00a0Plata Espesor del panel: 10-20 mm Aplicaci\u00f3n: RV \/ Caravana \/ Autocaravana \/ Ba\u00f1o de autocaravana \/ Inodoro \/ Barthroom Principales Caracter\u00edsticas 1. Manijas de puerta de privacidad para ba\u00f1o: Este juego de cerraduras de puerta se utiliza para todas las puertas donde [&hellip;]<\/p>\n","protected":false},"featured_media":8162,"template":"","meta":[],"product_brand":[],"product_cat":[1145,1146],"product_tag":[],"class_list":{"0":"post-8161","1":"product","2":"type-product","3":"status-publish","4":"has-post-thumbnail","6":"product_cat-cerraduras","7":"product_cat-herrajes","9":"first","10":"instock","11":"taxable","12":"shipping-taxable","13":"purchasable","14":"product-type-simple"},"_links":{"self":[{"href":"https:\/\/caram.com.ar\/v8\/wp-json\/wp\/v2\/product\/8161","targetHints":{"allow":["GET"]}}],"collection":[{"href":"https:\/\/caram.com.ar\/v8\/wp-json\/wp\/v2\/product"}],"about":[{"href":"https:\/\/caram.com.ar\/v8\/wp-json\/wp\/v2\/types\/product"}],"wp:featuredmedia":[{"embeddable":true,"href":"https:\/\/caram.com.ar\/v8\/wp-json\/wp\/v2\/media\/8162"}],"wp:attachment":[{"href":"https:\/\/caram.com.ar\/v8\/wp-json\/wp\/v2\/media?parent=8161"}],"wp:term":[{"taxonomy":"product_brand","embeddable":true,"href":"https:\/\/caram.com.ar\/v8\/wp-json\/wp\/v2\/product_brand?post=8161"},{"taxonomy":"product_cat","embeddable":true,"href":"https:\/\/caram.com.ar\/v8\/wp-json\/wp\/v2\/product_cat?post=8161"},{"taxonomy":"product_tag","embeddable":true,"href":"https:\/\/caram.com.ar\/v8\/wp-json\/wp\/v2\/product_tag?post=8161"}],"curies":[{"name":"wp","href":"https:\/\/api.w.org\/{rel}","templated":true}]}}