{"id":8159,"date":"2024-08-20T13:06:05","date_gmt":"2024-08-20T13:06:05","guid":{"rendered":"https:\/\/caram.com.ar\/v8\/?post_type=product&#038;p=8159"},"modified":"2026-04-17T16:47:31","modified_gmt":"2026-04-17T19:47:31","slug":"8215","status":"publish","type":"product","link":"https:\/\/caram.com.ar\/v8\/producto\/8215\/","title":{"rendered":"Cerradura puerta acceso c\/llave  ELECTRONICA"},"content":{"rendered":"<p><span style=\"color: #236fa1;\"><strong>Especificaciones de productos\u00a0<\/strong><\/span><\/p>\n<p>Material: aleaci\u00f3n de zinc<\/p>\n<p>Recorte: 68 * 92 mm<\/p>\n<p>Color: Negro<\/p>\n<p>Espesor del panel: 32-38 mm<\/p>\n<p>Combinaciones de teclas:Teclas iguales\/ 50 combinaciones de teclas diferentes<\/p>\n<p>Aplicaci\u00f3n: RV \/ Caravana \/ Autocaravana \/ Puerta camper \/ puerta de aluminio \/ puerta de entrada<\/p>\n<p><span style=\"color: #236fa1;\"><strong>Principales Caracter\u00edsticas<\/strong><\/span><\/p>\n<p>1. Entrada de RV sin llave La cerradura de la puerta se puede conectar con dos llaves remotas al mismo tiempo, a diferencia de la mayor\u00eda de las cerraduras del mercado. Puedes usarlo con tu familia.<\/p>\n<p>2. Las cerraduras de las puertas sin llave de las caravanas emiten una se\u00f1al cuando las bater\u00edas se acercan al final de su vida \u00fatil, lo que le da tiempo suficiente para cambiar las bater\u00edas antes de que se quede bloqueado.<\/p>\n<p>3. Esta cerradura de puerta para veh\u00edculos recreativos adopta un material de aleaci\u00f3n de zinc de alta calidad, gran durabilidad.<\/p>\n<p>4. Teclado retroiluminado, f\u00e1cil acceso al RV por la noche. A prueba de agua y polvo, leng\u00fceta de doble bloqueo.<\/p>\n<p>5. La instalaci\u00f3n se puede completar en 5-10 minutos, la programaci\u00f3n de contrase\u00f1as se puede completar con operaciones simples. Bloqueo r\u00e1pido.<\/p>\n<p>6. Clave igual y diferente grupo de claves disponible<\/p>\n","protected":false},"excerpt":{"rendered":"<p>Especificaciones de productos\u00a0 Material: aleaci\u00f3n de zinc Recorte: 68 * 92 mm Color: Negro Espesor del panel: 32-38 mm Combinaciones de teclas:Teclas iguales\/ 50 combinaciones de teclas diferentes Aplicaci\u00f3n: RV \/ Caravana \/ Autocaravana \/ Puerta camper \/ puerta de aluminio \/ puerta de entrada Principales Caracter\u00edsticas 1. Entrada de RV sin llave La cerradura [&hellip;]<\/p>\n","protected":false},"featured_media":8471,"template":"","meta":[],"product_brand":[],"product_cat":[1145],"product_tag":[],"class_list":{"0":"post-8159","1":"product","2":"type-product","3":"status-publish","4":"has-post-thumbnail","6":"product_cat-cerraduras","8":"first","9":"instock","10":"taxable","11":"shipping-taxable","12":"purchasable","13":"product-type-simple"},"_links":{"self":[{"href":"https:\/\/caram.com.ar\/v8\/wp-json\/wp\/v2\/product\/8159","targetHints":{"allow":["GET"]}}],"collection":[{"href":"https:\/\/caram.com.ar\/v8\/wp-json\/wp\/v2\/product"}],"about":[{"href":"https:\/\/caram.com.ar\/v8\/wp-json\/wp\/v2\/types\/product"}],"wp:featuredmedia":[{"embeddable":true,"href":"https:\/\/caram.com.ar\/v8\/wp-json\/wp\/v2\/media\/8471"}],"wp:attachment":[{"href":"https:\/\/caram.com.ar\/v8\/wp-json\/wp\/v2\/media?parent=8159"}],"wp:term":[{"taxonomy":"product_brand","embeddable":true,"href":"https:\/\/caram.com.ar\/v8\/wp-json\/wp\/v2\/product_brand?post=8159"},{"taxonomy":"product_cat","embeddable":true,"href":"https:\/\/caram.com.ar\/v8\/wp-json\/wp\/v2\/product_cat?post=8159"},{"taxonomy":"product_tag","embeddable":true,"href":"https:\/\/caram.com.ar\/v8\/wp-json\/wp\/v2\/product_tag?post=8159"}],"curies":[{"name":"wp","href":"https:\/\/api.w.org\/{rel}","templated":true}]}}