{"id":7876,"date":"2023-12-09T01:59:32","date_gmt":"2023-12-09T01:59:32","guid":{"rendered":"https:\/\/caram.com.ar\/v8\/?post_type=product&#038;p=7876"},"modified":"2026-04-17T16:47:38","modified_gmt":"2026-04-17T19:47:38","slug":"valvula-viton-94-390-05","status":"publish","type":"product","link":"https:\/\/caram.com.ar\/v8\/producto\/valvula-viton-94-390-05\/","title":{"rendered":"V\u00e1lvula vit\u00f3n 94-390-05"},"content":{"rendered":"<p>V\u00e1lvula 8000<br \/>vit\u00f3n autom\u00e1tica<br \/>94-390-05<\/p>\n","protected":false},"excerpt":{"rendered":"<p>V\u00e1lvula vit\u00f3n autom\u00e1tica<\/p>\n","protected":false},"featured_media":6704,"template":"","meta":[],"product_brand":[],"product_cat":[1166],"product_tag":[],"class_list":{"0":"post-7876","1":"product","2":"type-product","3":"status-publish","4":"has-post-thumbnail","6":"product_cat-repuestos-bombas-shurflo","8":"first","9":"instock","10":"taxable","11":"shipping-taxable","12":"purchasable","13":"product-type-simple"},"_links":{"self":[{"href":"https:\/\/caram.com.ar\/v8\/wp-json\/wp\/v2\/product\/7876","targetHints":{"allow":["GET"]}}],"collection":[{"href":"https:\/\/caram.com.ar\/v8\/wp-json\/wp\/v2\/product"}],"about":[{"href":"https:\/\/caram.com.ar\/v8\/wp-json\/wp\/v2\/types\/product"}],"wp:featuredmedia":[{"embeddable":true,"href":"https:\/\/caram.com.ar\/v8\/wp-json\/wp\/v2\/media\/6704"}],"wp:attachment":[{"href":"https:\/\/caram.com.ar\/v8\/wp-json\/wp\/v2\/media?parent=7876"}],"wp:term":[{"taxonomy":"product_brand","embeddable":true,"href":"https:\/\/caram.com.ar\/v8\/wp-json\/wp\/v2\/product_brand?post=7876"},{"taxonomy":"product_cat","embeddable":true,"href":"https:\/\/caram.com.ar\/v8\/wp-json\/wp\/v2\/product_cat?post=7876"},{"taxonomy":"product_tag","embeddable":true,"href":"https:\/\/caram.com.ar\/v8\/wp-json\/wp\/v2\/product_tag?post=7876"}],"curies":[{"name":"wp","href":"https:\/\/api.w.org\/{rel}","templated":true}]}}