{"id":7480,"date":"2023-12-08T03:13:11","date_gmt":"2023-12-08T06:13:11","guid":{"rendered":"https:\/\/caram.com.ar\/v8\/producto\/pulverizadora-shurflo-propack-srs-600\/"},"modified":"2026-04-17T16:47:40","modified_gmt":"2026-04-17T19:47:40","slug":"6063","status":"publish","type":"product","link":"https:\/\/caram.com.ar\/v8\/producto\/6063\/","title":{"rendered":"Pulverizadora SHURflo Propack SRS-600"},"content":{"rendered":"<p>Caracter\u00edsticas:<\/p>\n<ul>\n<li>Tanque de Polietileno: 4 US Galones (15 litros)<\/li>\n<li>4 Velocidades.<\/li>\n<li>Bater\u00eda: 12 Volt, 7.0 Amp<\/li>\n<li>Caudal maximo: 1.0 GPM (3.8 LPM)<\/li>\n<li>Presi\u00f3n m\u00e1xima: 40 PSI (2.8 BAR)<\/li>\n<li>Alcance maximo: 15&#8242; (4.5 m) vertical<\/li>\n<li>With 40 PSI demand switch<\/li>\n<li>Bomba con valvulas de viton (resistente a la mayoria de los quimicos)<\/li>\n<li>Lanza de abanico regulable de\u00a028&#8243;TeeJet Polypro spray wand<\/li>\n<li>Cargador de bater\u00eda incluido.<\/li>\n<\/ul>\n<p><a href=\"https:\/\/drive.google.com\/file\/d\/14En1OX7J_8B8D4Y2MiP3xn39jBit3Zqg\/view?usp=sharing\">DESCARGAR MANUAL DE USO<\/a><\/p>\n","protected":false},"excerpt":{"rendered":"<p>Caracter\u00edsticas: Tanque de Polietileno: 4 US Galones (15 litros) 4 Velocidades. Bater\u00eda: 12 Volt, 7.0 Amp Caudal maximo: 1.0 GPM (3.8 LPM) Presi\u00f3n m\u00e1xima: 40 PSI (2.8 BAR) Alcance maximo: 15&#8242; (4.5 m) vertical With 40 PSI demand switch Bomba con valvulas de viton (resistente a la mayoria de los quimicos) Lanza de abanico regulable [&hellip;]<\/p>\n","protected":false},"featured_media":7481,"template":"","meta":[],"product_brand":[],"product_cat":[1169,1164],"product_tag":[],"class_list":{"0":"post-7480","1":"product","2":"type-product","3":"status-publish","4":"has-post-thumbnail","6":"product_cat-bombas-12v-o-24v","7":"product_cat-industrial-agro","9":"first","10":"instock","11":"taxable","12":"shipping-taxable","13":"purchasable","14":"product-type-simple"},"_links":{"self":[{"href":"https:\/\/caram.com.ar\/v8\/wp-json\/wp\/v2\/product\/7480","targetHints":{"allow":["GET"]}}],"collection":[{"href":"https:\/\/caram.com.ar\/v8\/wp-json\/wp\/v2\/product"}],"about":[{"href":"https:\/\/caram.com.ar\/v8\/wp-json\/wp\/v2\/types\/product"}],"wp:featuredmedia":[{"embeddable":true,"href":"https:\/\/caram.com.ar\/v8\/wp-json\/wp\/v2\/media\/7481"}],"wp:attachment":[{"href":"https:\/\/caram.com.ar\/v8\/wp-json\/wp\/v2\/media?parent=7480"}],"wp:term":[{"taxonomy":"product_brand","embeddable":true,"href":"https:\/\/caram.com.ar\/v8\/wp-json\/wp\/v2\/product_brand?post=7480"},{"taxonomy":"product_cat","embeddable":true,"href":"https:\/\/caram.com.ar\/v8\/wp-json\/wp\/v2\/product_cat?post=7480"},{"taxonomy":"product_tag","embeddable":true,"href":"https:\/\/caram.com.ar\/v8\/wp-json\/wp\/v2\/product_tag?post=7480"}],"curies":[{"name":"wp","href":"https:\/\/api.w.org\/{rel}","templated":true}]}}