{"id":7165,"date":"2023-12-08T06:10:06","date_gmt":"2023-12-08T06:10:06","guid":{"rendered":"https:\/\/caram.com.ar\/v8\/producto\/llave-exclusa-3-c-cable\/"},"modified":"2026-04-17T16:47:48","modified_gmt":"2026-04-17T19:47:48","slug":"5074","status":"publish","type":"product","link":"https:\/\/caram.com.ar\/v8\/producto\/5074\/","title":{"rendered":"Llave exclusa Lasalle Bristol 3&#8242; c\/cable."},"content":{"rendered":"<p>CARACTERISTICAS GENERALES<\/p>\n<ul>\n<li>Manija de ABS, resistente a los impactos, mango grande, f\u00e1cil de abrir y cerrar la v\u00e1lvula.<\/li>\n<li>Cable de acero inoxidable de mayor di\u00e1metro, facilita la operaci\u00f3n y proporciona un sellado herm\u00e9tico de la v\u00e1lvula.<\/li>\n<li>Cable de acero lubricado, micro pulido y n\u00facleo solido, reduce la fuerza necesaria para abrir y cerrar la v\u00e1lvula.<\/li>\n<li>Largo del cable 1,8 metros.<\/li>\n<li>Revestimiento auto lubricado, protege el cable y facilita la operaci\u00f3n para garantizar un sello de la cuchilla herm\u00e9tico y sin fugas.<\/li>\n<li>Cuerpo de ABS. Hecho de ABS aprobado por cNSF certificado para su uso en EEUU y Canad\u00e1.<\/li>\n<li>Cuchilla de Acetal, sus propiedades facilitan su operaci\u00f3n.<\/li>\n<li>Sellos de goma de nitrilo, Facilitan la apertura, el cierre y garantizan un sello ajustado, confiable y duradero.<\/li>\n<li>100% probada en fabrica para un montaje fiable y a prueba de fugas.<\/li>\n<li>Fabricado en EEUU.<\/li>\n<\/ul>\n","protected":false},"excerpt":{"rendered":"<p>1,8 metros de cable<\/p>\n","protected":false},"featured_media":9168,"template":"","meta":[],"product_brand":[],"product_cat":[1186],"product_tag":[],"class_list":{"0":"post-7165","1":"product","2":"type-product","3":"status-publish","4":"has-post-thumbnail","6":"product_cat-llaves-esclusas-valvulas-tipo-cuchilla","8":"first","9":"instock","10":"taxable","11":"shipping-taxable","12":"purchasable","13":"product-type-simple"},"_links":{"self":[{"href":"https:\/\/caram.com.ar\/v8\/wp-json\/wp\/v2\/product\/7165","targetHints":{"allow":["GET"]}}],"collection":[{"href":"https:\/\/caram.com.ar\/v8\/wp-json\/wp\/v2\/product"}],"about":[{"href":"https:\/\/caram.com.ar\/v8\/wp-json\/wp\/v2\/types\/product"}],"wp:featuredmedia":[{"embeddable":true,"href":"https:\/\/caram.com.ar\/v8\/wp-json\/wp\/v2\/media\/9168"}],"wp:attachment":[{"href":"https:\/\/caram.com.ar\/v8\/wp-json\/wp\/v2\/media?parent=7165"}],"wp:term":[{"taxonomy":"product_brand","embeddable":true,"href":"https:\/\/caram.com.ar\/v8\/wp-json\/wp\/v2\/product_brand?post=7165"},{"taxonomy":"product_cat","embeddable":true,"href":"https:\/\/caram.com.ar\/v8\/wp-json\/wp\/v2\/product_cat?post=7165"},{"taxonomy":"product_tag","embeddable":true,"href":"https:\/\/caram.com.ar\/v8\/wp-json\/wp\/v2\/product_tag?post=7165"}],"curies":[{"name":"wp","href":"https:\/\/api.w.org\/{rel}","templated":true}]}}