{"id":6840,"date":"2023-12-08T06:09:35","date_gmt":"2023-12-08T06:09:35","guid":{"rendered":"https:\/\/caram.com.ar\/v8\/producto\/bomba-shurflo-8000-543-250\/"},"modified":"2026-04-17T16:47:40","modified_gmt":"2026-04-17T19:47:40","slug":"bomba-shurflo-8000-543-250","status":"publish","type":"product","link":"https:\/\/caram.com.ar\/v8\/producto\/bomba-shurflo-8000-543-250\/","title":{"rendered":"Bomba SHURflo 8000-543-250"},"content":{"rendered":"<p>Las bombas SHURflo con valvulas de VITON permiten el traspaso de: qu\u00edmicos, acidos, agroqu\u00edmicos, sin da\u00f1arse.<\/p>\n<p>las bombas SHUrflo Bypass (de puente) 8000 son ideales para uso intermitente donde no sea necesario un interruptor autom\u00e1tico (switch). Las bombas Bypass continuar\u00e1n funcionando sin da\u00f1arse una vez que se alcance la presi\u00f3n de Bypass. Incorporan un compartimiento triple con v\u00e1lvulas de VITON para soportar el m\u00e1s resistente de los usos. Ideal para rociadores de punto, y para el traspaso de agroquimicos y acidos donde sea necesario un flujo constante.<\/p>\n<p>Autocebantes(altura max de succion): 2,4 m<br \/>\nFuncionamiento: A diafragma<br \/>\nValvulas: Viton<br \/>\nAlimentacion: 12 volts<br \/>\nArranque: Manual &#8211; Bypass.<br \/>\nEntrada-Salida: 3\/8 \u00bb hembra<br \/>\nPresion (PSI): 45 PSI<br \/>\nCaudal: 6.84 L\/M<br \/>\nConsumo max: 5,5 Amp\/h<br \/>\nGarantia: 1 A\u00f1os<\/p>\n<p><a href=\"https:\/\/drive.google.com\/file\/d\/13DQuEP5KsyzLHYvo9SMlL-ItBv7FoR3p\/view?usp=sharing\" target=\"_blank\" rel=\"noopener noreferrer\">DESCARGAR FICHA T\u00c9CNICA<\/a><\/p>\n","protected":false},"excerpt":{"rendered":"<p>6,8l\/min 45PSI 12V BYPASS<\/p>\n","protected":false},"featured_media":6841,"template":"","meta":[],"product_brand":[],"product_cat":[1169,1164],"product_tag":[],"class_list":{"0":"post-6840","1":"product","2":"type-product","3":"status-publish","4":"has-post-thumbnail","6":"product_cat-bombas-12v-o-24v","7":"product_cat-industrial-agro","9":"first","10":"instock","11":"taxable","12":"shipping-taxable","13":"purchasable","14":"product-type-simple"},"_links":{"self":[{"href":"https:\/\/caram.com.ar\/v8\/wp-json\/wp\/v2\/product\/6840","targetHints":{"allow":["GET"]}}],"collection":[{"href":"https:\/\/caram.com.ar\/v8\/wp-json\/wp\/v2\/product"}],"about":[{"href":"https:\/\/caram.com.ar\/v8\/wp-json\/wp\/v2\/types\/product"}],"wp:featuredmedia":[{"embeddable":true,"href":"https:\/\/caram.com.ar\/v8\/wp-json\/wp\/v2\/media\/6841"}],"wp:attachment":[{"href":"https:\/\/caram.com.ar\/v8\/wp-json\/wp\/v2\/media?parent=6840"}],"wp:term":[{"taxonomy":"product_brand","embeddable":true,"href":"https:\/\/caram.com.ar\/v8\/wp-json\/wp\/v2\/product_brand?post=6840"},{"taxonomy":"product_cat","embeddable":true,"href":"https:\/\/caram.com.ar\/v8\/wp-json\/wp\/v2\/product_cat?post=6840"},{"taxonomy":"product_tag","embeddable":true,"href":"https:\/\/caram.com.ar\/v8\/wp-json\/wp\/v2\/product_tag?post=6840"}],"curies":[{"name":"wp","href":"https:\/\/api.w.org\/{rel}","templated":true}]}}