{"id":16676,"date":"2025-12-26T11:45:06","date_gmt":"2025-12-26T14:45:06","guid":{"rendered":"https:\/\/caram.com.ar\/v8\/?post_type=product&#038;p=16676"},"modified":"2026-04-17T16:47:41","modified_gmt":"2026-04-17T19:47:41","slug":"5604","status":"publish","type":"product","link":"https:\/\/caram.com.ar\/v8\/producto\/5604\/","title":{"rendered":"Inodoro Practipotty  L20 (Pist\u00f3n, Codo e indicador de nivel de dep\u00f3sito)."},"content":{"rendered":"<p><strong>Caracter\u00edsticas principales<\/strong><\/p>\n<ul>\n<li>Bomba de descarga: Bomba de pist\u00f3n<\/li>\n<li>Codo de descarga.<\/li>\n<li>Indicador de nivel de dep\u00f3sito de residuos,<\/li>\n<li>Boquilla de descarga: Boquilla de descarga de 3 v\u00edas tipo T<\/li>\n<li>Tipo vac\u00edo: Abertura de descarga grande<\/li>\n<li>Bot\u00f3n de liberaci\u00f3n de aire<\/li>\n<\/ul>\n<p><strong>Especificaciones:<\/strong><\/p>\n<ul>\n<li>Capacidad del tanque de agua dulce: 12 litros<\/li>\n<li>Capacidad del dep\u00f3sito de aguas residuales: 20 litros<\/li>\n<li>Dimensiones del producto: 410x365x420 mm<\/li>\n<li>Peso: 5,0 kg<\/li>\n<li>L\u00edmite de carga: 200 kg<\/li>\n<\/ul>\n","protected":false},"excerpt":{"rendered":"<p>Inodoro Practipotty 20L Piston y Codo<\/p>\n","protected":false},"featured_media":16677,"template":"","meta":[],"product_brand":[],"product_cat":[1133],"product_tag":[],"class_list":{"0":"post-16676","1":"product","2":"type-product","3":"status-publish","4":"has-post-thumbnail","6":"product_cat-quimicos-portatiles","8":"first","9":"instock","10":"taxable","11":"shipping-taxable","12":"purchasable","13":"product-type-simple"},"_links":{"self":[{"href":"https:\/\/caram.com.ar\/v8\/wp-json\/wp\/v2\/product\/16676","targetHints":{"allow":["GET"]}}],"collection":[{"href":"https:\/\/caram.com.ar\/v8\/wp-json\/wp\/v2\/product"}],"about":[{"href":"https:\/\/caram.com.ar\/v8\/wp-json\/wp\/v2\/types\/product"}],"wp:featuredmedia":[{"embeddable":true,"href":"https:\/\/caram.com.ar\/v8\/wp-json\/wp\/v2\/media\/16677"}],"wp:attachment":[{"href":"https:\/\/caram.com.ar\/v8\/wp-json\/wp\/v2\/media?parent=16676"}],"wp:term":[{"taxonomy":"product_brand","embeddable":true,"href":"https:\/\/caram.com.ar\/v8\/wp-json\/wp\/v2\/product_brand?post=16676"},{"taxonomy":"product_cat","embeddable":true,"href":"https:\/\/caram.com.ar\/v8\/wp-json\/wp\/v2\/product_cat?post=16676"},{"taxonomy":"product_tag","embeddable":true,"href":"https:\/\/caram.com.ar\/v8\/wp-json\/wp\/v2\/product_tag?post=16676"}],"curies":[{"name":"wp","href":"https:\/\/api.w.org\/{rel}","templated":true}]}}