{"id":464,"date":"2023-12-04T19:56:31","date_gmt":"2023-12-04T19:56:31","guid":{"rendered":"https:\/\/caram.com.ar\/v8\/?page_id=464"},"modified":"2023-12-07T23:28:17","modified_gmt":"2023-12-07T23:28:17","slug":"acerca-de-caram-s-a","status":"publish","type":"page","link":"https:\/\/caram.com.ar\/v8\/acerca-de-caram-s-a\/","title":{"rendered":"Acerca de CARAM S.A."},"content":{"rendered":"\n<h3 class=\"wp-block-heading\">Nuestra Empresa<\/h3>\n\n\n\n<p>Establecidos desde 1978 somos una empresa familiar argentina conformada por tres generaciones. Nos dedicamos a la venta por mayor y menor de accesorios para casas rodantes, motorhome, trailers, colectivos, obradores m\u00f3viles, casillas rurales, entre otros.<\/p>\n\n\n\n<p>Nuestro equipo atiende, en forma personalizada, al publico, a comercios y a los principales fabricantes de obradores, laboratorios, oficinas y ba\u00f1os m\u00f3viles. Tambi\u00e9n desde nuestra f\u00e1brica producimos una amplia gama de productos de calidad para lo cual, contamos en nuestras instalaciones con tecnolog\u00eda de \u00faltima generaci\u00f3n.<\/p>\n\n\n\n<p>Importamos y distribuimos productos de EEUU, CANADA, ITALIA, CHINA y TAIWAN de marcas de reconocido nivel mundial tales como SHURflo, Thetford, Blitz, Indel, Elixir, Utopia, Visa potty y TMC entre otras. Vis\u00edtenos en la Avenida Warnes 732 de la Ciudad de Buenos Aires, donde se encuentra: nuestro sal\u00f3n de exposici\u00f3n, venta y f\u00e1brica.<\/p>\n\n\n\n<h3 class=\"wp-block-heading\">Misi\u00f3n y Visi\u00f3n<\/h3>\n\n\n\n<p>Trabajamos para ser l\u00edderes en nuestro mercado tanto en Argentina como en la regi\u00f3n. Buscamos con actualizaci\u00f3n permanente ser la mejor alternativa para cada cliente que nos conf\u00eda su problema o necesidad. Hacer de su tiempo libre una experiencia \u00fanica es parte de nuestra misi\u00f3n como empresa. Nuestro compromiso es: acompa\u00f1ar a nuestros clientes, aportar nuestra experincia, ofrecer soluciones r\u00e1pidas y dedicaci\u00f3n exclusiva.<\/p>\n\n\n\n<h4 class=\"wp-block-heading\">Podemos mostrar:<\/h4>\n\n\n\n<ul class=\"wp-block-list\">\n<li>Experiencia.<\/li>\n\n\n\n<li>Profundo conocimiento del mercado y sus necesidades.<\/li>\n\n\n\n<li>Profesionalismo.<\/li>\n\n\n\n<li>Actualizaci\u00f3n y capacitaci\u00f3n permanente.<\/li>\n<\/ul>\n\n\n\n<h3 class=\"wp-block-heading\">Nuestras Creencias y Valores<\/h3>\n\n\n\n<ul class=\"wp-block-list\">\n<li>Las empresas las hacen las personas.<\/li>\n\n\n\n<li>La honestidad es nuestro principal capital.<\/li>\n\n\n\n<li>Cada cliente es \u00fanico y el m\u00e1s importante.<\/li>\n\n\n\n<li>El mejor producto o la mejor soluci\u00f3n es aquella que m\u00e1s valor le da al cliente.<\/li>\n\n\n\n<li>Entusiasmo, pasi\u00f3n y profundo conocimiento de nuestro trabajo.<\/li>\n<\/ul>\n","protected":false},"excerpt":{"rendered":"<p>Nuestra Empresa Establecidos desde 1978 somos una empresa familiar argentina conformada por tres generaciones. Nos dedicamos a la venta por mayor y menor de accesorios para casas rodantes, motorhome, trailers, colectivos, obradores m\u00f3viles, casillas rurales, entre otros. Nuestro equipo atiende, en forma personalizada, al publico, a comercios y a los principales fabricantes de obradores, laboratorios, [&hellip;]<\/p>\n","protected":false},"author":2,"featured_media":0,"parent":0,"menu_order":0,"comment_status":"closed","ping_status":"closed","template":"","meta":{"footnotes":""},"class_list":["post-464","page","type-page","status-publish","hentry"],"_links":{"self":[{"href":"https:\/\/caram.com.ar\/v8\/wp-json\/wp\/v2\/pages\/464","targetHints":{"allow":["GET"]}}],"collection":[{"href":"https:\/\/caram.com.ar\/v8\/wp-json\/wp\/v2\/pages"}],"about":[{"href":"https:\/\/caram.com.ar\/v8\/wp-json\/wp\/v2\/types\/page"}],"author":[{"embeddable":true,"href":"https:\/\/caram.com.ar\/v8\/wp-json\/wp\/v2\/users\/2"}],"replies":[{"embeddable":true,"href":"https:\/\/caram.com.ar\/v8\/wp-json\/wp\/v2\/comments?post=464"}],"version-history":[{"count":2,"href":"https:\/\/caram.com.ar\/v8\/wp-json\/wp\/v2\/pages\/464\/revisions"}],"predecessor-version":[{"id":5081,"href":"https:\/\/caram.com.ar\/v8\/wp-json\/wp\/v2\/pages\/464\/revisions\/5081"}],"wp:attachment":[{"href":"https:\/\/caram.com.ar\/v8\/wp-json\/wp\/v2\/media?parent=464"}],"curies":[{"name":"wp","href":"https:\/\/api.w.org\/{rel}","templated":true}]}}